{"id":181,"date":"2023-04-26T12:15:57","date_gmt":"2023-04-26T10:15:57","guid":{"rendered":"http:\/\/assistini.com\/de\/?page_id=181"},"modified":"2025-07-23T10:04:30","modified_gmt":"2025-07-23T10:04:30","slug":"preise","status":"publish","type":"page","link":"https:\/\/assistini.com\/de\/preise\/","title":{"rendered":"Preise"},"content":{"rendered":"\n<div class=\"wp-block-uagb-container uagb-block-b63656a4 alignfull uagb-is-root-container\"><div class=\"uagb-container-inner-blocks-wrap\">\n<div class=\"wp-block-uagb-info-box uagb-block-dab0667f uagb-infobox__content-wrap  uagb-infobox-icon-above-title uagb-infobox-image-valign-top\"><div class=\"uagb-ifb-content\"><div class=\"uagb-ifb-title-wrap\"><h1 class=\"uagb-ifb-title\">Einfach, flexibel und transparent: <br>Die Preismodelle bei Assistini<\/h1><\/div><p class=\"uagb-ifb-desc\">Entdecke hier die verschiedenen Preismodelle von Assistini, die auf unterschiedliche Bed\u00fcrfnisse und Nutzungsszenarien zugeschnitten sind. Egal, ob du ein freiberuflicher Texter, ein kleines Unternehmen oder eine gro\u00dfe Organisation bist, <br>wir haben das passende Angebot f\u00fcr dich. Unsere Preise sind transparent und einfach zu verstehen, ohne versteckte Kosten. <br>W\u00e4hle das Modell, das am besten zu deinen Bed\u00fcrfnissen passt.<br><br>Wenn du dir nicht sicher bist, welches Modell das richtige f\u00fcr dich ist, oder wenn du spezielle Anforderungen hast, <br>z\u00f6gere nicht, uns zu kontaktieren. Unser engagiertes Team hilft dir gerne weiter.<\/p><\/div><\/div>\n<\/div><\/div>\n\n\n\n<div class=\"wp-block-uagb-container uagb-block-75030418 alignfull uagb-is-root-container\"><div class=\"uagb-container-inner-blocks-wrap\">\n<div class=\"wp-block-uagb-container uagb-block-b9d8aca8\">\n<div class=\"wp-block-uagb-advanced-heading uagb-block-b651ea36\"><p class=\"uagb-heading-text\">Free<\/p><\/div>\n\n\n\n<div class=\"wp-block-uagb-advanced-heading uagb-block-6718d529\"><h2 class=\"uagb-heading-text\">0 \u20ac<\/h2><\/div>\n\n\n\n<p>Erlebe magischen Text komplett kostenlos!<\/p>\n\n\n\n<div class=\"wp-block-uagb-icon-list uagb-block-8f589130\"><div class=\"uagb-icon-list__wrap\">\n<div class=\"wp-block-uagb-icon-list-child uagb-block-1236f4e7\"><span class=\"uagb-icon-list__source-wrap\"><svg xmlns=\"https:\/\/www.w3.org\/2000\/svg\" viewBox=\"0 0 448 512\"><path d=\"M438.6 105.4C451.1 117.9 451.1 138.1 438.6 150.6L182.6 406.6C170.1 419.1 149.9 419.1 137.4 406.6L9.372 278.6C-3.124 266.1-3.124 245.9 9.372 233.4C21.87 220.9 42.13 220.9 54.63 233.4L159.1 338.7L393.4 105.4C405.9 92.88 426.1 92.88 438.6 105.4H438.6z\"><\/path><\/svg><\/span><span class=\"uagb-icon-list__label\">Zugang zu kostenfreien Tools<\/span><\/div>\n\n\n\n<div class=\"wp-block-uagb-icon-list-child uagb-block-14c6d721\"><span class=\"uagb-icon-list__source-wrap\"><svg xmlns=\"https:\/\/www.w3.org\/2000\/svg\" viewBox=\"0 0 448 512\"><path d=\"M438.6 105.4C451.1 117.9 451.1 138.1 438.6 150.6L182.6 406.6C170.1 419.1 149.9 419.1 137.4 406.6L9.372 278.6C-3.124 266.1-3.124 245.9 9.372 233.4C21.87 220.9 42.13 220.9 54.63 233.4L159.1 338.7L393.4 105.4C405.9 92.88 426.1 92.88 438.6 105.4H438.6z\"><\/path><\/svg><\/span><span class=\"uagb-icon-list__label\">FAQ Support\u200b<\/span><\/div>\n\n\n\n<div class=\"wp-block-uagb-icon-list-child uagb-block-3ee12343\"><span class=\"uagb-icon-list__source-wrap\"><svg xmlns=\"https:\/\/www.w3.org\/2000\/svg\" viewBox=\"0 0 448 512\"><path d=\"M438.6 105.4C451.1 117.9 451.1 138.1 438.6 150.6L182.6 406.6C170.1 419.1 149.9 419.1 137.4 406.6L9.372 278.6C-3.124 266.1-3.124 245.9 9.372 233.4C21.87 220.9 42.13 220.9 54.63 233.4L159.1 338.7L393.4 105.4C405.9 92.88 426.1 92.88 438.6 105.4H438.6z\"><\/path><\/svg><\/span><span class=\"uagb-icon-list__label\">2.500 W\u00f6rter<\/span><\/div>\n<\/div><\/div>\n\n\n\n<div class=\"wp-block-buttons alignwide is-layout-flex wp-block-buttons-is-layout-flex\">\n<div class=\"wp-block-button has-custom-width wp-block-button__width-100\"><a class=\"wp-block-button__link wp-element-button\" href=\"https:\/\/app.assistini.com\/login\" style=\"padding-top:0.75em;padding-right:0.75em;padding-bottom:0.75em;padding-left:0.75em\">anmelden<\/a><\/div>\n<\/div>\n<\/div>\n\n\n\n<div class=\"wp-block-uagb-container uagb-block-7b7321a9\">\n<div class=\"wp-block-uagb-advanced-heading uagb-block-e3ca7a00\"><p class=\"uagb-heading-text\">Smart<\/p><\/div>\n\n\n\n<div class=\"wp-block-uagb-advanced-heading uagb-block-114ad3ca\"><h2 class=\"uagb-heading-text\">9,90\u20ac \/ monatl.<\/h2><\/div>\n\n\n\n<div class=\"wp-block-uagb-advanced-heading uagb-block-1d6d4bd7\"><h3 class=\"uagb-heading-text\"><s>statt 19\u20ac monatlich<\/s><\/h3><\/div>\n\n\n\n<p>Profitiere von exklusiven Funktionen f\u00fcr beste Ergebnisse<\/p>\n\n\n\n<div class=\"wp-block-uagb-icon-list uagb-block-3c423c20\"><div class=\"uagb-icon-list__wrap\">\n<div class=\"wp-block-uagb-icon-list-child uagb-block-1e315cc6\"><span class=\"uagb-icon-list__source-wrap\"><svg xmlns=\"https:\/\/www.w3.org\/2000\/svg\" viewBox=\"0 0 448 512\"><path d=\"M438.6 105.4C451.1 117.9 451.1 138.1 438.6 150.6L182.6 406.6C170.1 419.1 149.9 419.1 137.4 406.6L9.372 278.6C-3.124 266.1-3.124 245.9 9.372 233.4C21.87 220.9 42.13 220.9 54.63 233.4L159.1 338.7L393.4 105.4C405.9 92.88 426.1 92.88 438.6 105.4H438.6z\"><\/path><\/svg><\/span><span class=\"uagb-icon-list__label\">Zugang zu kostenfreien  &amp; professionellen Tools<\/span><\/div>\n\n\n\n<div class=\"wp-block-uagb-icon-list-child uagb-block-4be6fc30\"><span class=\"uagb-icon-list__source-wrap\"><svg xmlns=\"https:\/\/www.w3.org\/2000\/svg\" viewBox=\"0 0 448 512\"><path d=\"M438.6 105.4C451.1 117.9 451.1 138.1 438.6 150.6L182.6 406.6C170.1 419.1 149.9 419.1 137.4 406.6L9.372 278.6C-3.124 266.1-3.124 245.9 9.372 233.4C21.87 220.9 42.13 220.9 54.63 233.4L159.1 338.7L393.4 105.4C405.9 92.88 426.1 92.88 438.6 105.4H438.6z\"><\/path><\/svg><\/span><span class=\"uagb-icon-list__label\">FAQ Support\u200b<\/span><\/div>\n\n\n\n<div class=\"wp-block-uagb-icon-list-child uagb-block-085f9efe\"><span class=\"uagb-icon-list__source-wrap\"><svg xmlns=\"https:\/\/www.w3.org\/2000\/svg\" viewBox=\"0 0 448 512\"><path d=\"M438.6 105.4C451.1 117.9 451.1 138.1 438.6 150.6L182.6 406.6C170.1 419.1 149.9 419.1 137.4 406.6L9.372 278.6C-3.124 266.1-3.124 245.9 9.372 233.4C21.87 220.9 42.13 220.9 54.63 233.4L159.1 338.7L393.4 105.4C405.9 92.88 426.1 92.88 438.6 105.4H438.6z\"><\/path><\/svg><\/span><span class=\"uagb-icon-list__label\">25.000 W\u00f6rter pro Monat<\/span><\/div>\n<\/div><\/div>\n\n\n\n<div class=\"wp-block-buttons is-content-justification-center is-layout-flex wp-container-core-buttons-is-layout-11db0663 wp-block-buttons-is-layout-flex\">\n<div class=\"wp-block-button has-custom-width wp-block-button__width-100\"><a class=\"wp-block-button__link wp-element-button\" href=\"https:\/\/app.assistini.com\/login\" style=\"padding-top:0.75em;padding-right:0.75em;padding-bottom:0.75em;padding-left:0.75em\">jetzt buchen<\/a><\/div>\n<\/div>\n<\/div>\n<\/div><\/div>\n\n\n\n<div class=\"wp-block-uagb-container uagb-block-fc9f332c alignfull uagb-is-root-container\"><div class=\"uagb-container-inner-blocks-wrap\">\n<div class=\"wp-block-uagb-advanced-heading uagb-block-1c82f37a\"><h6 class=\"uagb-heading-text\"><strong>KI T<\/strong>extgenerierung<\/h6><\/div>\n\n\n\n<div class=\"wp-block-uagb-advanced-heading uagb-block-aee8e099\"><h2 class=\"uagb-heading-text\"><strong>Bessere Texte in k\u00fcrzester Zeit<\/strong><\/h2><p class=\"uagb-desc-text\">Entdecke die Zukunft des Textschreibens mit unserer bahnbrechenden KI Textgenerierung! <br>Tausende Worte in Sekundenschnelle \u2013 das ist die Macht unserer KI Textgenerierung. Schluss mit dem langwierigen Schreiben und der zeitraubenden Recherche! Mit unserer fortschrittlichen Technologie kannst du hochwertige Texte in Rekordzeit erstellen.<\/p><\/div>\n\n\n\n<div class=\"wp-block-buttons is-layout-flex wp-block-buttons-is-layout-flex\">\n<div class=\"wp-block-button\"><a class=\"wp-block-button__link wp-element-button\" href=\"https:\/\/app.assistini.com\/login\">kostenlos anmelden<\/a><\/div>\n<\/div>\n\n\n\n<div class=\"wp-block-uagb-container uagb-block-9cc38fbf\">\n<div class=\"wp-block-uagb-container uagb-block-3c3c3295\">\n<div class=\"wp-block-uagb-advanced-heading uagb-block-b841254e\"><h2 class=\"uagb-heading-text\">75%<\/h2><p class=\"uagb-desc-text\">Zeitersparnis<\/p><\/div>\n<\/div>\n\n\n\n<div class=\"wp-block-uagb-container uagb-block-9cd658bf\">\n<div class=\"wp-block-uagb-advanced-heading uagb-block-da265e85\"><h2 class=\"uagb-heading-text\">2.500<\/h2><p class=\"uagb-desc-text\">Kostenlose W\u00f6rter<\/p><\/div>\n<\/div>\n\n\n\n<div class=\"wp-block-uagb-container uagb-block-7d52f9dd\">\n<div class=\"wp-block-uagb-advanced-heading uagb-block-13dd7e1d\"><h2 class=\"uagb-heading-text\">200+<\/h2><p class=\"uagb-desc-text\">Formatvorlagen f\u00fcr Texte<\/p><\/div>\n<\/div>\n\n\n\n<div class=\"wp-block-uagb-container uagb-block-0d015f32\">\n<div class=\"wp-block-uagb-advanced-heading uagb-block-600530a8\"><h2 class=\"uagb-heading-text\">100.000+<\/h2><p class=\"uagb-desc-text\">Themenideen<\/p><\/div>\n<\/div>\n<\/div>\n<\/div><\/div>\n\n\n\n<div class=\"wp-block-uagb-container uagb-block-a4453ce5 alignfull uagb-is-root-container\"><div class=\"uagb-container-inner-blocks-wrap\">\n<div class=\"wp-block-uagb-advanced-heading uagb-block-3617726b\"><h2 class=\"uagb-heading-text\">H\u00e4ufig gestellte Fragen zu Assistini<\/h2><\/div>\n\n\n\n<div class=\"wp-block-uagb-container uagb-block-08531c51\">\n<div class=\"wp-block-uagb-container uagb-block-085b7cbf\">\n<div class=\"wp-block-uagb-info-box uagb-block-dac54c80 uagb-infobox__content-wrap  uagb-infobox-icon-above-title uagb-infobox-image-valign-top\"><div class=\"uagb-ifb-content\"><div class=\"uagb-ifb-title-wrap\"><h6 class=\"uagb-ifb-title\"><strong>Was ist Assistini?<\/strong><\/h6><\/div><p class=\"uagb-ifb-desc\">Assistini ist ein KI gest\u00fctztes Online Tool zur Texterstellung und Textoptimierung. Es kann in verschiedenen Genres und Schreibstilen schreiben, und ist in der Lage, menschen\u00e4hnliche Texte zu erstellen, die auf deine spezifischen Bed\u00fcrfnisse zugeschnitten sind.<\/p><\/div><\/div>\n\n\n\n<div class=\"wp-block-uagb-info-box uagb-block-e27f8fef uagb-infobox__content-wrap  uagb-infobox-icon-above-title uagb-infobox-image-valign-top\"><div class=\"uagb-ifb-content\"><div class=\"uagb-ifb-title-wrap\"><h6 class=\"uagb-ifb-title\"><strong><strong>Brauche ich spezielle Kenntnisse, um Assistini zu verwenden?<\/strong><\/strong><\/h6><\/div><p class=\"uagb-ifb-desc\">Nein, du ben\u00f6tigst keine speziellen Kenntnisse, um Assistini zu verwenden. Das Tool ist benutzerfreundlich und intuitiv zu bedienen. Du musst lediglich deine Anforderungen eingeben und Assistini erledigt den Rest.<\/p><\/div><\/div>\n\n\n\n<div class=\"wp-block-uagb-info-box uagb-block-6659940d uagb-infobox__content-wrap  uagb-infobox-icon-above-title uagb-infobox-image-valign-top\"><div class=\"uagb-ifb-content\"><div class=\"uagb-ifb-title-wrap\"><h6 class=\"uagb-ifb-title\"><strong><strong>Kann ich Assistini auf meinem Mobilger\u00e4t verwenden?<\/strong><\/strong><\/h6><\/div><p class=\"uagb-ifb-desc\">Ja, da Assistini ein Online Tool ist, kannst du es auf jedem Ger\u00e4t mit Internetzugang verwenden, einschlie\u00dflich Mobilger\u00e4ten.<\/p><\/div><\/div>\n\n\n\n<div class=\"wp-block-uagb-info-box uagb-block-d320be8b uagb-infobox__content-wrap  uagb-infobox-icon-above-title uagb-infobox-image-valign-top\"><div class=\"uagb-ifb-content\"><div class=\"uagb-ifb-title-wrap\"><h6 class=\"uagb-ifb-title\"><strong><strong>Kann Assistini Texte in anderen Sprachen als Deutsch erstellen<\/strong><\/strong><\/h6><\/div><p class=\"uagb-ifb-desc\">Ja, Assistini unterst\u00fctzt mehrere Sprachen.<br>Du kannst mit Assistini auch einfach und schnell Texte in verschiedene Sprachen \u00fcbersetzen lassen.<\/p><\/div><\/div>\n<\/div>\n\n\n\n<div class=\"wp-block-uagb-container uagb-block-ba49a738\">\n<div class=\"wp-block-uagb-info-box uagb-block-e749ce4a uagb-infobox__content-wrap  uagb-infobox-icon-above-title uagb-infobox-image-valign-top\"><div class=\"uagb-ifb-content\"><div class=\"uagb-ifb-title-wrap\"><h6 class=\"uagb-ifb-title\"><strong>Wie verwende ich Assistini?<\/strong><\/h6><\/div><p class=\"uagb-ifb-desc\"><a href=\"https:\/\/app.assistini.com\/login\">Melde dich einfach kostenlos bei Assistini an<\/a> und gib deine spezifischen Textanforderungen ein. Assistini wird dann einen Text erstellen, der auf deinen Anweisungen basiert. Du kannst das Ergebnis \u00fcberpr\u00fcfen und bei Bedarf bearbeiten.<\/p><\/div><\/div>\n\n\n\n<div class=\"wp-block-uagb-info-box uagb-block-498095ed uagb-infobox__content-wrap  uagb-infobox-icon-above-title uagb-infobox-image-valign-top\"><div class=\"uagb-ifb-content\"><div class=\"uagb-ifb-title-wrap\"><h6 class=\"uagb-ifb-title\"><strong><strong>Wie lange dauert es, bis Assistini einen Text erstellt?<\/strong><\/strong><\/h6><\/div><p class=\"uagb-ifb-desc\">Die Erstellungszeit variiert je nach L\u00e4nge und Komplexit\u00e4t des gew\u00fcnschten Textes. In den meisten F\u00e4llen kann Assistini jedoch in wenigen Sekunden oder Minuten einen Text erstellen.<\/p><\/div><\/div>\n\n\n\n<div class=\"wp-block-uagb-info-box uagb-block-c977e0c4 uagb-infobox__content-wrap  uagb-infobox-icon-above-title uagb-infobox-image-valign-top\"><div class=\"uagb-ifb-content\"><div class=\"uagb-ifb-title-wrap\"><h6 class=\"uagb-ifb-title\"><strong><strong>Was kostet Assistini?<\/strong><\/strong><\/h6><\/div><p class=\"uagb-ifb-desc\">Es gibt verschiedene Preismodelle, die flexibel auf unterschiedliche Nutzungsszenarien und Bed\u00fcrfnisse zugeschnitten sind. Die Preise und Tarife findest du hier auf der Assistini Preisseite.<\/p><\/div><\/div>\n\n\n\n<div class=\"wp-block-uagb-info-box uagb-block-e4a6b81e uagb-infobox__content-wrap  uagb-infobox-icon-above-title uagb-infobox-image-valign-top\"><div class=\"uagb-ifb-content\"><div class=\"uagb-ifb-title-wrap\"><h6 class=\"uagb-ifb-title\"><strong><strong>Wo kann ich Unterst\u00fctzung bekommen, wenn ich Probleme mit Assistini habe?<\/strong><\/strong><\/h6><\/div><p class=\"uagb-ifb-desc\">Wenn du Unterst\u00fctzung ben\u00f6tigst, kannst du das Support Team von Assistini \u00fcber die offizielle Website oder per E-Mail kontaktieren. Das Team ist bem\u00fcht, dir bei allen Fragen oder Problemen zu helfen.<\/p><\/div><\/div>\n<\/div>\n<\/div>\n<\/div><\/div>\n","protected":false},"excerpt":{"rendered":"<p>Free 0 \u20ac Erlebe magischen Text komplett kostenlos! Smart 9,90\u20ac \/ monatl. statt 19\u20ac monatlich Profitiere von exklusiven Funktionen f\u00fcr [&hellip;]<\/p>\n","protected":false},"author":2,"featured_media":0,"parent":0,"menu_order":0,"comment_status":"closed","ping_status":"closed","template":"","meta":{"_uag_custom_page_level_css":"","site-sidebar-layout":"default","site-content-layout":"plain-container","ast-site-content-layout":"normal-width-container","site-content-style":"unboxed","site-sidebar-style":"unboxed","ast-global-header-display":"","ast-banner-title-visibility":"","ast-main-header-display":"","ast-hfb-above-header-display":"","ast-hfb-below-header-display":"","ast-hfb-mobile-header-display":"","site-post-title":"disabled","ast-breadcrumbs-content":"","ast-featured-img":"","footer-sml-layout":"","ast-disable-related-posts":"","theme-transparent-header-meta":"","adv-header-id-meta":"","stick-header-meta":"","header-above-stick-meta":"","header-main-stick-meta":"","header-below-stick-meta":"","astra-migrate-meta-layouts":"set","ast-page-background-enabled":"default","ast-page-background-meta":{"desktop":{"background-color":"var(--ast-global-color-4)","background-image":"","background-repeat":"repeat","background-position":"center center","background-size":"auto","background-attachment":"scroll","background-type":"","background-media":"","overlay-type":"","overlay-color":"","overlay-opacity":"","overlay-gradient":""},"tablet":{"background-color":"","background-image":"","background-repeat":"repeat","background-position":"center center","background-size":"auto","background-attachment":"scroll","background-type":"","background-media":"","overlay-type":"","overlay-color":"","overlay-opacity":"","overlay-gradient":""},"mobile":{"background-color":"","background-image":"","background-repeat":"repeat","background-position":"center center","background-size":"auto","background-attachment":"scroll","background-type":"","background-media":"","overlay-type":"","overlay-color":"","overlay-opacity":"","overlay-gradient":""}},"ast-content-background-meta":{"desktop":{"background-color":"var(--ast-global-color-5)","background-image":"","background-repeat":"repeat","background-position":"center center","background-size":"auto","background-attachment":"scroll","background-type":"","background-media":"","overlay-type":"","overlay-color":"","overlay-opacity":"","overlay-gradient":""},"tablet":{"background-color":"var(--ast-global-color-5)","background-image":"","background-repeat":"repeat","background-position":"center center","background-size":"auto","background-attachment":"scroll","background-type":"","background-media":"","overlay-type":"","overlay-color":"","overlay-opacity":"","overlay-gradient":""},"mobile":{"background-color":"var(--ast-global-color-5)","background-image":"","background-repeat":"repeat","background-position":"center center","background-size":"auto","background-attachment":"scroll","background-type":"","background-media":"","overlay-type":"","overlay-color":"","overlay-opacity":"","overlay-gradient":""}},"footnotes":""},"class_list":["post-181","page","type-page","status-publish","hentry"],"yoast_head":"<!-- This site is optimized with the Yoast SEO plugin v27.4 - https:\/\/yoast.com\/product\/yoast-seo-wordpress\/ -->\n<title>Kostenlose Texte generieren mit Assistini - passende Preismodelle<\/title>\n<meta name=\"description\" content=\"Einfach, flexibel und transparent: Entdecken Sie hier die verschiedenen Preismodelle von Assistini.\" \/>\n<meta name=\"robots\" content=\"index, follow, max-snippet:-1, max-image-preview:large, max-video-preview:-1\" \/>\n<link rel=\"canonical\" href=\"https:\/\/assistini.com\/de\/preise\/\" \/>\n<meta property=\"og:locale\" content=\"de_DE\" \/>\n<meta property=\"og:type\" content=\"article\" \/>\n<meta property=\"og:title\" content=\"Assistini - Der smarten KI Text Generator!\" \/>\n<meta property=\"og:description\" content=\"Assistini ist ein intuitiver KI-basierter Textgenerator, der Sie dabei unterst\u00fctzt, qualitativ hochwertige Texte in k\u00fcrzester Zeit zu erstellen.\" \/>\n<meta property=\"og:url\" content=\"https:\/\/assistini.com\/de\/preise\/\" \/>\n<meta property=\"og:site_name\" content=\"Assistini \u2013 Smarte KI Tools f\u00fcr Dein Business\" \/>\n<meta property=\"article:modified_time\" content=\"2025-07-23T10:04:30+00:00\" \/>\n<meta property=\"og:image\" content=\"https:\/\/assistini.com\/de\/wp-content\/uploads\/2023\/05\/og-image-assistini-2.png\" \/>\n\t<meta property=\"og:image:width\" content=\"1201\" \/>\n\t<meta property=\"og:image:height\" content=\"631\" \/>\n\t<meta property=\"og:image:type\" content=\"image\/png\" \/>\n<meta name=\"twitter:card\" content=\"summary_large_image\" \/>\n<meta name=\"twitter:title\" content=\"Assistini - Der smarten KI Text Generator!\" \/>\n<meta name=\"twitter:description\" content=\"Assistini ist ein intuitiver KI-basierter Textgenerator, der Sie dabei unterst\u00fctzt, qualitativ hochwertige Texte in k\u00fcrzester Zeit zu erstellen.\" \/>\n<meta name=\"twitter:image\" content=\"https:\/\/assistini.com\/de\/wp-content\/uploads\/2023\/05\/og-image-assistini-2.png\" \/>\n<meta name=\"twitter:label1\" content=\"Gesch\u00e4tzte Lesezeit\" \/>\n\t<meta name=\"twitter:data1\" content=\"3\u00a0Minuten\" \/>\n<script type=\"application\/ld+json\" class=\"yoast-schema-graph\">{\"@context\":\"https:\\\/\\\/schema.org\",\"@graph\":[{\"@type\":\"WebPage\",\"@id\":\"https:\\\/\\\/assistini.com\\\/de\\\/preise\\\/\",\"url\":\"https:\\\/\\\/assistini.com\\\/de\\\/preise\\\/\",\"name\":\"Kostenlose Texte generieren mit Assistini - passende Preismodelle\",\"isPartOf\":{\"@id\":\"https:\\\/\\\/assistini.com\\\/de\\\/#website\"},\"datePublished\":\"2023-04-26T10:15:57+00:00\",\"dateModified\":\"2025-07-23T10:04:30+00:00\",\"description\":\"Einfach, flexibel und transparent: Entdecken Sie hier die verschiedenen Preismodelle von Assistini.\",\"breadcrumb\":{\"@id\":\"https:\\\/\\\/assistini.com\\\/de\\\/preise\\\/#breadcrumb\"},\"inLanguage\":\"de\",\"potentialAction\":[{\"@type\":\"ReadAction\",\"target\":[\"https:\\\/\\\/assistini.com\\\/de\\\/preise\\\/\"]}]},{\"@type\":\"BreadcrumbList\",\"@id\":\"https:\\\/\\\/assistini.com\\\/de\\\/preise\\\/#breadcrumb\",\"itemListElement\":[{\"@type\":\"ListItem\",\"position\":1,\"name\":\"Startseite\",\"item\":\"https:\\\/\\\/assistini.com\\\/de\\\/\"},{\"@type\":\"ListItem\",\"position\":2,\"name\":\"Preise\"}]},{\"@type\":\"WebSite\",\"@id\":\"https:\\\/\\\/assistini.com\\\/de\\\/#website\",\"url\":\"https:\\\/\\\/assistini.com\\\/de\\\/\",\"name\":\"Assistini \u2013 Smarte KI Tools f\u00fcr Dein Business\",\"description\":\"Smarte KI Business Tools: KI Contenterstellung, KI Wissensdatenbanken, KI Tools f\u00fcr Websites und WordPress Plugins\",\"publisher\":{\"@id\":\"https:\\\/\\\/assistini.com\\\/de\\\/#organization\"},\"potentialAction\":[{\"@type\":\"SearchAction\",\"target\":{\"@type\":\"EntryPoint\",\"urlTemplate\":\"https:\\\/\\\/assistini.com\\\/de\\\/?s={search_term_string}\"},\"query-input\":{\"@type\":\"PropertyValueSpecification\",\"valueRequired\":true,\"valueName\":\"search_term_string\"}}],\"inLanguage\":\"de\"},{\"@type\":\"Organization\",\"@id\":\"https:\\\/\\\/assistini.com\\\/de\\\/#organization\",\"name\":\"Assistini \u2013 Smarte KI Tools f\u00fcr Dein Business\",\"url\":\"https:\\\/\\\/assistini.com\\\/de\\\/\",\"logo\":{\"@type\":\"ImageObject\",\"inLanguage\":\"de\",\"@id\":\"https:\\\/\\\/assistini.com\\\/de\\\/#\\\/schema\\\/logo\\\/image\\\/\",\"url\":\"https:\\\/\\\/assistini.com\\\/de\\\/wp-content\\\/uploads\\\/2023\\\/05\\\/assistini-v2-white.png\",\"contentUrl\":\"https:\\\/\\\/assistini.com\\\/de\\\/wp-content\\\/uploads\\\/2023\\\/05\\\/assistini-v2-white.png\",\"width\":249,\"height\":83,\"caption\":\"Assistini \u2013 Smarte KI Tools f\u00fcr Dein Business\"},\"image\":{\"@id\":\"https:\\\/\\\/assistini.com\\\/de\\\/#\\\/schema\\\/logo\\\/image\\\/\"}}]}<\/script>\n<!-- \/ Yoast SEO plugin. -->","yoast_head_json":{"title":"Kostenlose Texte generieren mit Assistini - passende Preismodelle","description":"Einfach, flexibel und transparent: Entdecken Sie hier die verschiedenen Preismodelle von Assistini.","robots":{"index":"index","follow":"follow","max-snippet":"max-snippet:-1","max-image-preview":"max-image-preview:large","max-video-preview":"max-video-preview:-1"},"canonical":"https:\/\/assistini.com\/de\/preise\/","og_locale":"de_DE","og_type":"article","og_title":"Assistini - Der smarten KI Text Generator!","og_description":"Assistini ist ein intuitiver KI-basierter Textgenerator, der Sie dabei unterst\u00fctzt, qualitativ hochwertige Texte in k\u00fcrzester Zeit zu erstellen.","og_url":"https:\/\/assistini.com\/de\/preise\/","og_site_name":"Assistini \u2013 Smarte KI Tools f\u00fcr Dein Business","article_modified_time":"2025-07-23T10:04:30+00:00","og_image":[{"width":1201,"height":631,"url":"https:\/\/assistini.com\/de\/wp-content\/uploads\/2023\/05\/og-image-assistini-2.png","type":"image\/png"}],"twitter_card":"summary_large_image","twitter_title":"Assistini - Der smarten KI Text Generator!","twitter_description":"Assistini ist ein intuitiver KI-basierter Textgenerator, der Sie dabei unterst\u00fctzt, qualitativ hochwertige Texte in k\u00fcrzester Zeit zu erstellen.","twitter_image":"https:\/\/assistini.com\/de\/wp-content\/uploads\/2023\/05\/og-image-assistini-2.png","twitter_misc":{"Gesch\u00e4tzte Lesezeit":"3\u00a0Minuten"},"schema":{"@context":"https:\/\/schema.org","@graph":[{"@type":"WebPage","@id":"https:\/\/assistini.com\/de\/preise\/","url":"https:\/\/assistini.com\/de\/preise\/","name":"Kostenlose Texte generieren mit Assistini - passende Preismodelle","isPartOf":{"@id":"https:\/\/assistini.com\/de\/#website"},"datePublished":"2023-04-26T10:15:57+00:00","dateModified":"2025-07-23T10:04:30+00:00","description":"Einfach, flexibel und transparent: Entdecken Sie hier die verschiedenen Preismodelle von Assistini.","breadcrumb":{"@id":"https:\/\/assistini.com\/de\/preise\/#breadcrumb"},"inLanguage":"de","potentialAction":[{"@type":"ReadAction","target":["https:\/\/assistini.com\/de\/preise\/"]}]},{"@type":"BreadcrumbList","@id":"https:\/\/assistini.com\/de\/preise\/#breadcrumb","itemListElement":[{"@type":"ListItem","position":1,"name":"Startseite","item":"https:\/\/assistini.com\/de\/"},{"@type":"ListItem","position":2,"name":"Preise"}]},{"@type":"WebSite","@id":"https:\/\/assistini.com\/de\/#website","url":"https:\/\/assistini.com\/de\/","name":"Assistini \u2013 Smarte KI Tools f\u00fcr Dein Business","description":"Smarte KI Business Tools: KI Contenterstellung, KI Wissensdatenbanken, KI Tools f\u00fcr Websites und WordPress Plugins","publisher":{"@id":"https:\/\/assistini.com\/de\/#organization"},"potentialAction":[{"@type":"SearchAction","target":{"@type":"EntryPoint","urlTemplate":"https:\/\/assistini.com\/de\/?s={search_term_string}"},"query-input":{"@type":"PropertyValueSpecification","valueRequired":true,"valueName":"search_term_string"}}],"inLanguage":"de"},{"@type":"Organization","@id":"https:\/\/assistini.com\/de\/#organization","name":"Assistini \u2013 Smarte KI Tools f\u00fcr Dein Business","url":"https:\/\/assistini.com\/de\/","logo":{"@type":"ImageObject","inLanguage":"de","@id":"https:\/\/assistini.com\/de\/#\/schema\/logo\/image\/","url":"https:\/\/assistini.com\/de\/wp-content\/uploads\/2023\/05\/assistini-v2-white.png","contentUrl":"https:\/\/assistini.com\/de\/wp-content\/uploads\/2023\/05\/assistini-v2-white.png","width":249,"height":83,"caption":"Assistini \u2013 Smarte KI Tools f\u00fcr Dein Business"},"image":{"@id":"https:\/\/assistini.com\/de\/#\/schema\/logo\/image\/"}}]}},"uagb_featured_image_src":{"full":false,"thumbnail":false,"medium":false,"medium_large":false,"large":false,"1536x1536":false,"2048x2048":false},"uagb_author_info":{"display_name":"Alexander Badulin","author_link":"https:\/\/assistini.com\/de\/blog\/author\/abadulin\/"},"uagb_comment_info":0,"uagb_excerpt":"Free 0 \u20ac Erlebe magischen Text komplett kostenlos! Smart 9,90\u20ac \/ monatl. statt 19\u20ac monatlich Profitiere von exklusiven Funktionen f\u00fcr [&hellip;]","_links":{"self":[{"href":"https:\/\/assistini.com\/de\/wp-json\/wp\/v2\/pages\/181","targetHints":{"allow":["GET"]}}],"collection":[{"href":"https:\/\/assistini.com\/de\/wp-json\/wp\/v2\/pages"}],"about":[{"href":"https:\/\/assistini.com\/de\/wp-json\/wp\/v2\/types\/page"}],"author":[{"embeddable":true,"href":"https:\/\/assistini.com\/de\/wp-json\/wp\/v2\/users\/2"}],"replies":[{"embeddable":true,"href":"https:\/\/assistini.com\/de\/wp-json\/wp\/v2\/comments?post=181"}],"version-history":[{"count":51,"href":"https:\/\/assistini.com\/de\/wp-json\/wp\/v2\/pages\/181\/revisions"}],"predecessor-version":[{"id":2303,"href":"https:\/\/assistini.com\/de\/wp-json\/wp\/v2\/pages\/181\/revisions\/2303"}],"wp:attachment":[{"href":"https:\/\/assistini.com\/de\/wp-json\/wp\/v2\/media?parent=181"}],"curies":[{"name":"wp","href":"https:\/\/api.w.org\/{rel}","templated":true}]}}