{"id":180,"date":"2023-04-26T12:16:11","date_gmt":"2023-04-26T10:16:11","guid":{"rendered":"http:\/\/assistini.com\/de\/?page_id=180"},"modified":"2025-07-23T11:38:23","modified_gmt":"2025-07-23T11:38:23","slug":"kontakt","status":"publish","type":"page","link":"https:\/\/assistini.com\/de\/kontakt\/","title":{"rendered":"Kontakt"},"content":{"rendered":"\n<div class=\"wp-block-uagb-container uagb-block-86812fa4 alignfull uagb-is-root-container\"><div class=\"uagb-container-inner-blocks-wrap\">\n<div class=\"wp-block-uagb-container uagb-block-25d68801\">\n<div class=\"wp-block-uagb-advanced-heading uagb-block-eb3ea4e9\"><h1 class=\"uagb-heading-text\">Kontakt<\/h1><\/div>\n\n\n\n<div class=\"wp-block-uagb-advanced-heading uagb-block-1197f142\"><h3 class=\"uagb-heading-text\">Dein Kontakt f\u00fcr Fragen und Anregungen zu Assistini<\/h3><\/div>\n\n\n\n<p class=\"has-text-align-center has-white-color has-text-color has-medium-font-size\">Wir sind gerne f\u00fcr dich da<\/p>\n<\/div>\n<\/div><\/div>\n\n\n\n<div class=\"wp-block-uagb-container uagb-block-36abe510 alignfull uagb-is-root-container\"><div class=\"uagb-container-inner-blocks-wrap\">\n<div class=\"wp-block-uagb-container uagb-block-46b18aec\">\n<h2 class=\"wp-block-heading\">Kontakt aufnehmen<\/h2>\n\n\n\n<p><strong>ADENION GmbH<\/strong><br>Unser Vertriebsteam hilft dir gerne weiter.<br>+49 2181 7569 277<\/p>\n\n\n\n<div class=\"wp-block-uagb-image alignleft uagb-block-82f4d02f wp-block-uagb-image--layout-default wp-block-uagb-image--effect-static wp-block-uagb-image--align-left\"><figure class=\"wp-block-uagb-image__figure\"><img decoding=\"async\" srcset=\"https:\/\/assistini.com\/de\/wp-content\/uploads\/2024\/04\/kontakt.png ,https:\/\/assistini.com\/de\/wp-content\/uploads\/2024\/04\/kontakt.png 780w, https:\/\/assistini.com\/de\/wp-content\/uploads\/2024\/04\/kontakt.png 360w\" sizes=\"auto, (max-width: 480px) 150px\" src=\"https:\/\/assistini.com\/de\/wp-content\/uploads\/2024\/04\/kontakt.png\" alt=\"Kontakt Assistini\" class=\"uag-image-2190\" width=\"290\" height=\"84\" title=\"kontakt\" loading=\"lazy\" role=\"img\"\/><\/figure><\/div>\n<\/div>\n\n\n\n<div class=\"wp-block-uagb-container uagb-block-ea922ecf\">\t\t\t<div \n\t\t\tclass=\"wp-block-uagb-google-map uagb-google-map__wrap uagb-block-2b14962d     \"\n\t\t\tstyle=\"\" >\n\t\t\t\t<embed\n\t\t\t\t\tclass=\"uagb-google-map__iframe\"\n\t\t\t\t\ttitle=\"Google Map for \"\n\t\t\t\t\tsrc=\"https:\/\/maps.google.com\/maps?q=Adenion%20GmbH%2C%20Merkatorstra%C3%9Fe%202%2C%2041515%20Grevenbroich&#038;z=12&#038;hl=en&#038;t=m&#038;output=embed&#038;iwloc=near\"\n\t\t\t\t\twidth=\"640\"\n\t\t\t\t\theight=\"450\"\n\t\t\t\t\tloading=\"lazy\"\n\t\t\t\t><\/embed>\n\t\t\t<\/div>\n\t\t\t<\/div>\n<\/div><\/div>\n\n\n\n<p><\/p>\n","protected":false},"excerpt":{"rendered":"<p>Kontakt Dein Kontakt f\u00fcr Fragen und Anregungen zu Assistini Wir sind gerne f\u00fcr dich da Kontakt aufnehmen ADENION GmbHUnser Vertriebsteam [&hellip;]<\/p>\n","protected":false},"author":2,"featured_media":0,"parent":0,"menu_order":0,"comment_status":"closed","ping_status":"closed","template":"","meta":{"_uag_custom_page_level_css":"","site-sidebar-layout":"default","site-content-layout":"plain-container","ast-site-content-layout":"normal-width-container","site-content-style":"unboxed","site-sidebar-style":"unboxed","ast-global-header-display":"","ast-banner-title-visibility":"","ast-main-header-display":"","ast-hfb-above-header-display":"","ast-hfb-below-header-display":"","ast-hfb-mobile-header-display":"","site-post-title":"disabled","ast-breadcrumbs-content":"","ast-featured-img":"","footer-sml-layout":"","ast-disable-related-posts":"","theme-transparent-header-meta":"","adv-header-id-meta":"","stick-header-meta":"","header-above-stick-meta":"","header-main-stick-meta":"","header-below-stick-meta":"","astra-migrate-meta-layouts":"set","ast-page-background-enabled":"default","ast-page-background-meta":{"desktop":{"background-color":"var(--ast-global-color-4)","background-image":"","background-repeat":"repeat","background-position":"center center","background-size":"auto","background-attachment":"scroll","background-type":"","background-media":"","overlay-type":"","overlay-color":"","overlay-opacity":"","overlay-gradient":""},"tablet":{"background-color":"","background-image":"","background-repeat":"repeat","background-position":"center center","background-size":"auto","background-attachment":"scroll","background-type":"","background-media":"","overlay-type":"","overlay-color":"","overlay-opacity":"","overlay-gradient":""},"mobile":{"background-color":"","background-image":"","background-repeat":"repeat","background-position":"center center","background-size":"auto","background-attachment":"scroll","background-type":"","background-media":"","overlay-type":"","overlay-color":"","overlay-opacity":"","overlay-gradient":""}},"ast-content-background-meta":{"desktop":{"background-color":"var(--ast-global-color-5)","background-image":"","background-repeat":"repeat","background-position":"center center","background-size":"auto","background-attachment":"scroll","background-type":"","background-media":"","overlay-type":"","overlay-color":"","overlay-opacity":"","overlay-gradient":""},"tablet":{"background-color":"var(--ast-global-color-5)","background-image":"","background-repeat":"repeat","background-position":"center center","background-size":"auto","background-attachment":"scroll","background-type":"","background-media":"","overlay-type":"","overlay-color":"","overlay-opacity":"","overlay-gradient":""},"mobile":{"background-color":"var(--ast-global-color-5)","background-image":"","background-repeat":"repeat","background-position":"center center","background-size":"auto","background-attachment":"scroll","background-type":"","background-media":"","overlay-type":"","overlay-color":"","overlay-opacity":"","overlay-gradient":""}},"footnotes":""},"class_list":["post-180","page","type-page","status-publish","hentry"],"yoast_head":"<!-- This site is optimized with the Yoast SEO plugin v27.3 - https:\/\/yoast.com\/product\/yoast-seo-wordpress\/ -->\n<title>Kontakt - Assistini \u2013 Smarte KI Tools f\u00fcr Dein Business<\/title>\n<meta name=\"description\" content=\"Dein Kontakt f\u00fcr Fragen und Anregungen zu Assistini. Wir sind gerne f\u00fcr Dich da!\" \/>\n<meta name=\"robots\" content=\"index, follow, max-snippet:-1, max-image-preview:large, max-video-preview:-1\" \/>\n<link rel=\"canonical\" href=\"https:\/\/assistini.com\/de\/kontakt\/\" \/>\n<meta property=\"og:locale\" content=\"de_DE\" \/>\n<meta property=\"og:type\" content=\"article\" \/>\n<meta property=\"og:title\" content=\"Assistini - Der smarten KI Text Generator!\" \/>\n<meta property=\"og:description\" content=\"Assistini ist ein intuitiver KI-basierter Textgenerator, der Sie dabei unterst\u00fctzt, qualitativ hochwertige Texte in k\u00fcrzester Zeit zu erstellen.\" \/>\n<meta property=\"og:url\" content=\"https:\/\/assistini.com\/de\/kontakt\/\" \/>\n<meta property=\"og:site_name\" content=\"Assistini \u2013 Smarte KI Tools f\u00fcr Dein Business\" \/>\n<meta property=\"article:modified_time\" content=\"2025-07-23T11:38:23+00:00\" \/>\n<meta property=\"og:image\" content=\"https:\/\/assistini.com\/de\/wp-content\/uploads\/2023\/05\/og-image-assistini-2.png\" \/>\n\t<meta property=\"og:image:width\" content=\"1201\" \/>\n\t<meta property=\"og:image:height\" content=\"631\" \/>\n\t<meta property=\"og:image:type\" content=\"image\/png\" \/>\n<meta name=\"twitter:card\" content=\"summary_large_image\" \/>\n<meta name=\"twitter:title\" content=\"Assistini - Der smarten KI Text Generator!\" \/>\n<meta name=\"twitter:description\" content=\"Assistini ist ein intuitiver KI-basierter Textgenerator, der Sie dabei unterst\u00fctzt, qualitativ hochwertige Texte in k\u00fcrzester Zeit zu erstellen.\" \/>\n<meta name=\"twitter:image\" content=\"https:\/\/assistini.com\/de\/wp-content\/uploads\/2023\/05\/og-image-assistini-2.png\" \/>\n<meta name=\"twitter:label1\" content=\"Gesch\u00e4tzte Lesezeit\" \/>\n\t<meta name=\"twitter:data1\" content=\"1\u00a0Minute\" \/>\n<script type=\"application\/ld+json\" class=\"yoast-schema-graph\">{\"@context\":\"https:\\\/\\\/schema.org\",\"@graph\":[{\"@type\":\"WebPage\",\"@id\":\"https:\\\/\\\/assistini.com\\\/de\\\/kontakt\\\/\",\"url\":\"https:\\\/\\\/assistini.com\\\/de\\\/kontakt\\\/\",\"name\":\"Kontakt - Assistini \u2013 Smarte KI Tools f\u00fcr Dein Business\",\"isPartOf\":{\"@id\":\"https:\\\/\\\/assistini.com\\\/de\\\/#website\"},\"primaryImageOfPage\":{\"@id\":\"https:\\\/\\\/assistini.com\\\/de\\\/kontakt\\\/#primaryimage\"},\"image\":{\"@id\":\"https:\\\/\\\/assistini.com\\\/de\\\/kontakt\\\/#primaryimage\"},\"thumbnailUrl\":\"https:\\\/\\\/assistini.com\\\/de\\\/wp-content\\\/uploads\\\/2024\\\/04\\\/kontakt.png\",\"datePublished\":\"2023-04-26T10:16:11+00:00\",\"dateModified\":\"2025-07-23T11:38:23+00:00\",\"description\":\"Dein Kontakt f\u00fcr Fragen und Anregungen zu Assistini. Wir sind gerne f\u00fcr Dich da!\",\"breadcrumb\":{\"@id\":\"https:\\\/\\\/assistini.com\\\/de\\\/kontakt\\\/#breadcrumb\"},\"inLanguage\":\"de\",\"potentialAction\":[{\"@type\":\"ReadAction\",\"target\":[\"https:\\\/\\\/assistini.com\\\/de\\\/kontakt\\\/\"]}]},{\"@type\":\"ImageObject\",\"inLanguage\":\"de\",\"@id\":\"https:\\\/\\\/assistini.com\\\/de\\\/kontakt\\\/#primaryimage\",\"url\":\"https:\\\/\\\/assistini.com\\\/de\\\/wp-content\\\/uploads\\\/2024\\\/04\\\/kontakt.png\",\"contentUrl\":\"https:\\\/\\\/assistini.com\\\/de\\\/wp-content\\\/uploads\\\/2024\\\/04\\\/kontakt.png\",\"width\":290,\"height\":84,\"caption\":\"Kontakt Assistini\"},{\"@type\":\"BreadcrumbList\",\"@id\":\"https:\\\/\\\/assistini.com\\\/de\\\/kontakt\\\/#breadcrumb\",\"itemListElement\":[{\"@type\":\"ListItem\",\"position\":1,\"name\":\"Startseite\",\"item\":\"https:\\\/\\\/assistini.com\\\/de\\\/\"},{\"@type\":\"ListItem\",\"position\":2,\"name\":\"Kontakt\"}]},{\"@type\":\"WebSite\",\"@id\":\"https:\\\/\\\/assistini.com\\\/de\\\/#website\",\"url\":\"https:\\\/\\\/assistini.com\\\/de\\\/\",\"name\":\"Assistini \u2013 Smarte KI Tools f\u00fcr Dein Business\",\"description\":\"Smarte KI Business Tools: KI Contenterstellung, KI Wissensdatenbanken, KI Tools f\u00fcr Websites und WordPress Plugins\",\"publisher\":{\"@id\":\"https:\\\/\\\/assistini.com\\\/de\\\/#organization\"},\"potentialAction\":[{\"@type\":\"SearchAction\",\"target\":{\"@type\":\"EntryPoint\",\"urlTemplate\":\"https:\\\/\\\/assistini.com\\\/de\\\/?s={search_term_string}\"},\"query-input\":{\"@type\":\"PropertyValueSpecification\",\"valueRequired\":true,\"valueName\":\"search_term_string\"}}],\"inLanguage\":\"de\"},{\"@type\":\"Organization\",\"@id\":\"https:\\\/\\\/assistini.com\\\/de\\\/#organization\",\"name\":\"Assistini \u2013 Smarte KI Tools f\u00fcr Dein Business\",\"url\":\"https:\\\/\\\/assistini.com\\\/de\\\/\",\"logo\":{\"@type\":\"ImageObject\",\"inLanguage\":\"de\",\"@id\":\"https:\\\/\\\/assistini.com\\\/de\\\/#\\\/schema\\\/logo\\\/image\\\/\",\"url\":\"https:\\\/\\\/assistini.com\\\/de\\\/wp-content\\\/uploads\\\/2023\\\/05\\\/assistini-v2-white.png\",\"contentUrl\":\"https:\\\/\\\/assistini.com\\\/de\\\/wp-content\\\/uploads\\\/2023\\\/05\\\/assistini-v2-white.png\",\"width\":249,\"height\":83,\"caption\":\"Assistini \u2013 Smarte KI Tools f\u00fcr Dein Business\"},\"image\":{\"@id\":\"https:\\\/\\\/assistini.com\\\/de\\\/#\\\/schema\\\/logo\\\/image\\\/\"}}]}<\/script>\n<!-- \/ Yoast SEO plugin. -->","yoast_head_json":{"title":"Kontakt - Assistini \u2013 Smarte KI Tools f\u00fcr Dein Business","description":"Dein Kontakt f\u00fcr Fragen und Anregungen zu Assistini. Wir sind gerne f\u00fcr Dich da!","robots":{"index":"index","follow":"follow","max-snippet":"max-snippet:-1","max-image-preview":"max-image-preview:large","max-video-preview":"max-video-preview:-1"},"canonical":"https:\/\/assistini.com\/de\/kontakt\/","og_locale":"de_DE","og_type":"article","og_title":"Assistini - Der smarten KI Text Generator!","og_description":"Assistini ist ein intuitiver KI-basierter Textgenerator, der Sie dabei unterst\u00fctzt, qualitativ hochwertige Texte in k\u00fcrzester Zeit zu erstellen.","og_url":"https:\/\/assistini.com\/de\/kontakt\/","og_site_name":"Assistini \u2013 Smarte KI Tools f\u00fcr Dein Business","article_modified_time":"2025-07-23T11:38:23+00:00","og_image":[{"width":1201,"height":631,"url":"https:\/\/assistini.com\/de\/wp-content\/uploads\/2023\/05\/og-image-assistini-2.png","type":"image\/png"}],"twitter_card":"summary_large_image","twitter_title":"Assistini - Der smarten KI Text Generator!","twitter_description":"Assistini ist ein intuitiver KI-basierter Textgenerator, der Sie dabei unterst\u00fctzt, qualitativ hochwertige Texte in k\u00fcrzester Zeit zu erstellen.","twitter_image":"https:\/\/assistini.com\/de\/wp-content\/uploads\/2023\/05\/og-image-assistini-2.png","twitter_misc":{"Gesch\u00e4tzte Lesezeit":"1\u00a0Minute"},"schema":{"@context":"https:\/\/schema.org","@graph":[{"@type":"WebPage","@id":"https:\/\/assistini.com\/de\/kontakt\/","url":"https:\/\/assistini.com\/de\/kontakt\/","name":"Kontakt - Assistini \u2013 Smarte KI Tools f\u00fcr Dein Business","isPartOf":{"@id":"https:\/\/assistini.com\/de\/#website"},"primaryImageOfPage":{"@id":"https:\/\/assistini.com\/de\/kontakt\/#primaryimage"},"image":{"@id":"https:\/\/assistini.com\/de\/kontakt\/#primaryimage"},"thumbnailUrl":"https:\/\/assistini.com\/de\/wp-content\/uploads\/2024\/04\/kontakt.png","datePublished":"2023-04-26T10:16:11+00:00","dateModified":"2025-07-23T11:38:23+00:00","description":"Dein Kontakt f\u00fcr Fragen und Anregungen zu Assistini. Wir sind gerne f\u00fcr Dich da!","breadcrumb":{"@id":"https:\/\/assistini.com\/de\/kontakt\/#breadcrumb"},"inLanguage":"de","potentialAction":[{"@type":"ReadAction","target":["https:\/\/assistini.com\/de\/kontakt\/"]}]},{"@type":"ImageObject","inLanguage":"de","@id":"https:\/\/assistini.com\/de\/kontakt\/#primaryimage","url":"https:\/\/assistini.com\/de\/wp-content\/uploads\/2024\/04\/kontakt.png","contentUrl":"https:\/\/assistini.com\/de\/wp-content\/uploads\/2024\/04\/kontakt.png","width":290,"height":84,"caption":"Kontakt Assistini"},{"@type":"BreadcrumbList","@id":"https:\/\/assistini.com\/de\/kontakt\/#breadcrumb","itemListElement":[{"@type":"ListItem","position":1,"name":"Startseite","item":"https:\/\/assistini.com\/de\/"},{"@type":"ListItem","position":2,"name":"Kontakt"}]},{"@type":"WebSite","@id":"https:\/\/assistini.com\/de\/#website","url":"https:\/\/assistini.com\/de\/","name":"Assistini \u2013 Smarte KI Tools f\u00fcr Dein Business","description":"Smarte KI Business Tools: KI Contenterstellung, KI Wissensdatenbanken, KI Tools f\u00fcr Websites und WordPress Plugins","publisher":{"@id":"https:\/\/assistini.com\/de\/#organization"},"potentialAction":[{"@type":"SearchAction","target":{"@type":"EntryPoint","urlTemplate":"https:\/\/assistini.com\/de\/?s={search_term_string}"},"query-input":{"@type":"PropertyValueSpecification","valueRequired":true,"valueName":"search_term_string"}}],"inLanguage":"de"},{"@type":"Organization","@id":"https:\/\/assistini.com\/de\/#organization","name":"Assistini \u2013 Smarte KI Tools f\u00fcr Dein Business","url":"https:\/\/assistini.com\/de\/","logo":{"@type":"ImageObject","inLanguage":"de","@id":"https:\/\/assistini.com\/de\/#\/schema\/logo\/image\/","url":"https:\/\/assistini.com\/de\/wp-content\/uploads\/2023\/05\/assistini-v2-white.png","contentUrl":"https:\/\/assistini.com\/de\/wp-content\/uploads\/2023\/05\/assistini-v2-white.png","width":249,"height":83,"caption":"Assistini \u2013 Smarte KI Tools f\u00fcr Dein Business"},"image":{"@id":"https:\/\/assistini.com\/de\/#\/schema\/logo\/image\/"}}]}},"uagb_featured_image_src":{"full":false,"thumbnail":false,"medium":false,"medium_large":false,"large":false,"1536x1536":false,"2048x2048":false},"uagb_author_info":{"display_name":"Alexander Badulin","author_link":"https:\/\/assistini.com\/de\/blog\/author\/abadulin\/"},"uagb_comment_info":0,"uagb_excerpt":"Kontakt Dein Kontakt f\u00fcr Fragen und Anregungen zu Assistini Wir sind gerne f\u00fcr dich da Kontakt aufnehmen ADENION GmbHUnser Vertriebsteam [&hellip;]","_links":{"self":[{"href":"https:\/\/assistini.com\/de\/wp-json\/wp\/v2\/pages\/180","targetHints":{"allow":["GET"]}}],"collection":[{"href":"https:\/\/assistini.com\/de\/wp-json\/wp\/v2\/pages"}],"about":[{"href":"https:\/\/assistini.com\/de\/wp-json\/wp\/v2\/types\/page"}],"author":[{"embeddable":true,"href":"https:\/\/assistini.com\/de\/wp-json\/wp\/v2\/users\/2"}],"replies":[{"embeddable":true,"href":"https:\/\/assistini.com\/de\/wp-json\/wp\/v2\/comments?post=180"}],"version-history":[{"count":52,"href":"https:\/\/assistini.com\/de\/wp-json\/wp\/v2\/pages\/180\/revisions"}],"predecessor-version":[{"id":3214,"href":"https:\/\/assistini.com\/de\/wp-json\/wp\/v2\/pages\/180\/revisions\/3214"}],"wp:attachment":[{"href":"https:\/\/assistini.com\/de\/wp-json\/wp\/v2\/media?parent=180"}],"curies":[{"name":"wp","href":"https:\/\/api.w.org\/{rel}","templated":true}]}}